{"id":3,"date":"2022-04-10T22:09:23","date_gmt":"2022-04-10T22:09:23","guid":{"rendered":"https:\/\/marinellapizzeria.fi\/?page_id=3"},"modified":"2025-04-30T02:01:35","modified_gmt":"2025-04-29T23:01:35","slug":"privacy-policy","status":"publish","type":"page","link":"https:\/\/marinellapizzeria.fi\/en\/privacy-policy\/","title":{"rendered":"Privacy Policy"},"content":{"rendered":"<p><strong>Online shop<\/strong><\/p>\n\n\n\n<p>Marinella pizzeria ( Double One Oy business code 2541664-3) sells products to businesses and individuals in Muurame and the surrounding area. The prices of the products include VAT. We reserve the right to change prices and delivery costs.<\/p>\n\n\n\n<p><strong>To order<\/strong> Products are ordered on the e-commerce website by adding them to the shopping cart and paying for the contents of the cart at the checkout. Please leave your phone number when placing an order All customer information is treated confidentially. The contact details requested at the time of ordering will not be used for any other purpose than to deliver the order or to clarify any ambiguities in it. When ordering from the online shop, you are deemed to have read and agreed to the terms and conditions of delivery in force from time to time.\u00a0<\/p>\n\n\n\n<p><strong>Payment service provider<\/strong><\/p>\n\n\n\n<p>The payment service is provided by Paytrail Oyj (2122839-7) in cooperation with Finnish banks and credit institutions. Paytrail Oyj appears as the recipient of the payment on the bank statement or card bill and forwards the payment to the merchant. Paytrail Oyj is a licensed payment institution. In case of complaints, please contact the supplier of the product in the first instance.<\/p>\n\n\n\n<p>Paytrail Oyj, business code: 2122839-7<br>Innova 2<br>Lutakonaukio 7<br>40100 Jyv\u00e4skyl\u00e4, Finland<br>Telephone:&nbsp;<a href=\"tel:020%20718%201830\" target=\"_blank\" rel=\"noreferrer noopener\">020 718 1830<\/a><br><a href=\"http:\/\/www.paytrail.com\" target=\"_blank\" rel=\"noreferrer noopener\">www.paytrail.com<\/a><\/p>\n\n\n\n<p><strong>Delivery method and costs<\/strong><\/p>\n\n\n\n<p>We deliver home delivery orders in Muurame, S\u00e4yn\u00e4tsalo and Etel\u00e4-Keljo area. The delivery fee is fixed at 5,00 \u20ac. For home delivery of larger orders to other areas, please contact us to clarify and agree separately at 014-3731215.<\/p>\n\n\n\n<p><strong>Delivery time<\/strong><\/p>\n\n\n\n<p>Our most common home delivery times are 45 minutes to 2 hours, depending on the order and urgency. For food picked up from a restaurant, we try to make it as quick as possible, usually within 15 to 45 minutes. More specific times will be advised if required, you can call and ask for more information. We are not responsible for delays caused by force majeure or indirect damage caused by delays. We will inform the customer as soon as possible in the event of anomalous delivery times.<\/p>\n\n\n\n<p><strong>Offers<\/strong><\/p>\n\n\n\n<p>The offer in the online shop is valid as long as the product is available, or the time limit specified in the offer expires. The remaining quantity of the product on offer is indicated on the product information page. The seller is not liable if the product offered runs out before the expiry of the time limit, and the product offered will not be replaced by another product. Online store offers are only valid when ordering from the online store.<\/p>\n\n\n\n<p><strong>Problem situations<\/strong><\/p>\n\n\n\n<p>If the product is damaged during delivery or otherwise does not match your order, please notify us as soon as possible without delay after receiving your order. Please send a description and a report.  <\/p>\n\n\n\n<p><strong> Contact<\/strong><\/p>\n\n\n\n<p>You can contact us by email: info@marinellapizzeria.fi<\/p>","protected":false},"excerpt":{"rendered":"<p>Verkkokauppa Marinella pizzeria ( Double One Oy y-tunnus 2541664-3) myy tuotteita Muuramen ja l\u00e4hialueella oleville yrityksille ja yksityishenkil\u00f6ille. Tuotteiden hinnat sis\u00e4lt\u00e4v\u00e4t arvonlis\u00e4veron. Pid\u00e4t\u00e4mme oikeuden hintojen ja toimituskulujen muutoksiin. Tilaaminen Tuotteet tilataan verkkokaupan kotisivuilla siirt\u00e4m\u00e4ll\u00e4 ne ostoskoriin ja maksamalla ostoskorin sis\u00e4lt\u00f6 kassapalvelussa. Pyyd\u00e4mme tilauksen yhteydess\u00e4 j\u00e4tt\u00e4\u00e4 puhelinnumeron Kaikki asiakastiedot k\u00e4sitell\u00e4\u00e4n luottamuksellisesti. Tilauksen yhteydess\u00e4 kysyttyj\u00e4 yhteystietoja ei [&#8230;]","protected":false},"author":2,"featured_media":0,"parent":0,"menu_order":0,"comment_status":"closed","ping_status":"open","template":"","meta":{"inline_featured_image":false,"footnotes":""},"class_list":["post-3","page","type-page","status-publish","hentry"],"yoast_head":"<!-- This site is optimized with the Yoast SEO plugin v26.9 - https:\/\/yoast.com\/product\/yoast-seo-wordpress\/ -->\n<title>Privacy Policy - Marinella - Pizzeria<\/title>\n<meta name=\"description\" content=\"Lue, miten Marinella Pizzeria k\u00e4sittelee henkil\u00f6tietoja. Tietosuojaseloste kattaa yhteydenotot, tilaukset, ev\u00e4steet ja tietoturvan.\" \/>\n<meta name=\"robots\" content=\"index, follow, max-snippet:-1, max-image-preview:large, max-video-preview:-1\" \/>\n<link rel=\"canonical\" href=\"https:\/\/marinellapizzeria.fi\/en\/privacy-policy\/\" \/>\n<meta property=\"og:locale\" content=\"en_GB\" \/>\n<meta property=\"og:type\" content=\"article\" \/>\n<meta property=\"og:title\" content=\"Privacy Policy - Marinella - Pizzeria\" \/>\n<meta property=\"og:description\" content=\"Lue, miten Marinella Pizzeria k\u00e4sittelee henkil\u00f6tietoja. Tietosuojaseloste kattaa yhteydenotot, tilaukset, ev\u00e4steet ja tietoturvan.\" \/>\n<meta property=\"og:url\" content=\"https:\/\/marinellapizzeria.fi\/en\/privacy-policy\/\" \/>\n<meta property=\"og:site_name\" content=\"Marinella - Pizzeria\" \/>\n<meta property=\"article:publisher\" content=\"https:\/\/www.facebook.com\/marinellapizzeriamuurame\/\" \/>\n<meta property=\"article:modified_time\" content=\"2025-04-29T23:01:35+00:00\" \/>\n<meta name=\"twitter:card\" content=\"summary_large_image\" \/>\n<meta name=\"twitter:label1\" content=\"Estimated reading time\" \/>\n\t<meta name=\"twitter:data1\" content=\"2 minutes\" \/>\n<script type=\"application\/ld+json\" class=\"yoast-schema-graph\">{\"@context\":\"https:\/\/schema.org\",\"@graph\":[{\"@type\":\"WebPage\",\"@id\":\"https:\/\/marinellapizzeria.fi\/privacy-policy\/\",\"url\":\"https:\/\/marinellapizzeria.fi\/privacy-policy\/\",\"name\":\"Privacy Policy - Marinella - Pizzeria\",\"isPartOf\":{\"@id\":\"https:\/\/marinellapizzeria.fi\/#website\"},\"datePublished\":\"2022-04-10T22:09:23+00:00\",\"dateModified\":\"2025-04-29T23:01:35+00:00\",\"description\":\"Lue, miten Marinella Pizzeria k\u00e4sittelee henkil\u00f6tietoja. Tietosuojaseloste kattaa yhteydenotot, tilaukset, ev\u00e4steet ja tietoturvan.\",\"breadcrumb\":{\"@id\":\"https:\/\/marinellapizzeria.fi\/privacy-policy\/#breadcrumb\"},\"inLanguage\":\"en-GB\",\"potentialAction\":[{\"@type\":\"ReadAction\",\"target\":[\"https:\/\/marinellapizzeria.fi\/privacy-policy\/\"]}]},{\"@type\":\"BreadcrumbList\",\"@id\":\"https:\/\/marinellapizzeria.fi\/privacy-policy\/#breadcrumb\",\"itemListElement\":[{\"@type\":\"ListItem\",\"position\":1,\"name\":\"Etusivu\",\"item\":\"https:\/\/marinellapizzeria.fi\/\"},{\"@type\":\"ListItem\",\"position\":2,\"name\":\"Privacy Policy\"}]},{\"@type\":\"WebSite\",\"@id\":\"https:\/\/marinellapizzeria.fi\/#website\",\"url\":\"https:\/\/marinellapizzeria.fi\/\",\"name\":\"Marinella - Pizzeria\",\"description\":\"Dine in or take away\",\"publisher\":{\"@id\":\"https:\/\/marinellapizzeria.fi\/#organization\"},\"potentialAction\":[{\"@type\":\"SearchAction\",\"target\":{\"@type\":\"EntryPoint\",\"urlTemplate\":\"https:\/\/marinellapizzeria.fi\/?s={search_term_string}\"},\"query-input\":{\"@type\":\"PropertyValueSpecification\",\"valueRequired\":true,\"valueName\":\"search_term_string\"}}],\"inLanguage\":\"en-GB\"},{\"@type\":\"Organization\",\"@id\":\"https:\/\/marinellapizzeria.fi\/#organization\",\"name\":\"Marinella - Pizzeria\",\"url\":\"https:\/\/marinellapizzeria.fi\/\",\"logo\":{\"@type\":\"ImageObject\",\"inLanguage\":\"en-GB\",\"@id\":\"https:\/\/marinellapizzeria.fi\/#\/schema\/logo\/image\/\",\"url\":\"https:\/\/marinellapizzeria.fi\/wp-content\/uploads\/2022\/12\/hero-logo.svg\",\"contentUrl\":\"https:\/\/marinellapizzeria.fi\/wp-content\/uploads\/2022\/12\/hero-logo.svg\",\"width\":1,\"height\":1,\"caption\":\"Marinella - Pizzeria\"},\"image\":{\"@id\":\"https:\/\/marinellapizzeria.fi\/#\/schema\/logo\/image\/\"},\"sameAs\":[\"https:\/\/www.facebook.com\/marinellapizzeriamuurame\/\",\"https:\/\/www.instagram.com\/marinellapizzeria\/\"]}]}<\/script>\n<!-- \/ Yoast SEO plugin. -->","yoast_head_json":{"title":"Privacy Policy - Marinella - Pizzeria","description":"Read how Marinella Pizzeria processes personal data. This Privacy Policy covers contact, ordering, cookies and security.","robots":{"index":"index","follow":"follow","max-snippet":"max-snippet:-1","max-image-preview":"max-image-preview:large","max-video-preview":"max-video-preview:-1"},"canonical":"https:\/\/marinellapizzeria.fi\/en\/privacy-policy\/","og_locale":"en_GB","og_type":"article","og_title":"Privacy Policy - Marinella - Pizzeria","og_description":"Lue, miten Marinella Pizzeria k\u00e4sittelee henkil\u00f6tietoja. Tietosuojaseloste kattaa yhteydenotot, tilaukset, ev\u00e4steet ja tietoturvan.","og_url":"https:\/\/marinellapizzeria.fi\/en\/privacy-policy\/","og_site_name":"Marinella - Pizzeria","article_publisher":"https:\/\/www.facebook.com\/marinellapizzeriamuurame\/","article_modified_time":"2025-04-29T23:01:35+00:00","twitter_card":"summary_large_image","twitter_misc":{"Estimated reading time":"2 minutes"},"schema":{"@context":"https:\/\/schema.org","@graph":[{"@type":"WebPage","@id":"https:\/\/marinellapizzeria.fi\/privacy-policy\/","url":"https:\/\/marinellapizzeria.fi\/privacy-policy\/","name":"Privacy Policy - Marinella - Pizzeria","isPartOf":{"@id":"https:\/\/marinellapizzeria.fi\/#website"},"datePublished":"2022-04-10T22:09:23+00:00","dateModified":"2025-04-29T23:01:35+00:00","description":"Read how Marinella Pizzeria processes personal data. This Privacy Policy covers contact, ordering, cookies and security.","breadcrumb":{"@id":"https:\/\/marinellapizzeria.fi\/privacy-policy\/#breadcrumb"},"inLanguage":"en-GB","potentialAction":[{"@type":"ReadAction","target":["https:\/\/marinellapizzeria.fi\/privacy-policy\/"]}]},{"@type":"BreadcrumbList","@id":"https:\/\/marinellapizzeria.fi\/privacy-policy\/#breadcrumb","itemListElement":[{"@type":"ListItem","position":1,"name":"Etusivu","item":"https:\/\/marinellapizzeria.fi\/"},{"@type":"ListItem","position":2,"name":"Privacy Policy"}]},{"@type":"WebSite","@id":"https:\/\/marinellapizzeria.fi\/#website","url":"https:\/\/marinellapizzeria.fi\/","name":"Marinella - Pizzeria","description":"Dine in or take away","publisher":{"@id":"https:\/\/marinellapizzeria.fi\/#organization"},"potentialAction":[{"@type":"SearchAction","target":{"@type":"EntryPoint","urlTemplate":"https:\/\/marinellapizzeria.fi\/?s={search_term_string}"},"query-input":{"@type":"PropertyValueSpecification","valueRequired":true,"valueName":"search_term_string"}}],"inLanguage":"en-GB"},{"@type":"Organization","@id":"https:\/\/marinellapizzeria.fi\/#organization","name":"Marinella - Pizzeria","url":"https:\/\/marinellapizzeria.fi\/","logo":{"@type":"ImageObject","inLanguage":"en-GB","@id":"https:\/\/marinellapizzeria.fi\/#\/schema\/logo\/image\/","url":"https:\/\/marinellapizzeria.fi\/wp-content\/uploads\/2022\/12\/hero-logo.svg","contentUrl":"https:\/\/marinellapizzeria.fi\/wp-content\/uploads\/2022\/12\/hero-logo.svg","width":1,"height":1,"caption":"Marinella - Pizzeria"},"image":{"@id":"https:\/\/marinellapizzeria.fi\/#\/schema\/logo\/image\/"},"sameAs":["https:\/\/www.facebook.com\/marinellapizzeriamuurame\/","https:\/\/www.instagram.com\/marinellapizzeria\/"]}]}},"_links":{"self":[{"href":"https:\/\/marinellapizzeria.fi\/en\/wp-json\/wp\/v2\/pages\/3","targetHints":{"allow":["GET"]}}],"collection":[{"href":"https:\/\/marinellapizzeria.fi\/en\/wp-json\/wp\/v2\/pages"}],"about":[{"href":"https:\/\/marinellapizzeria.fi\/en\/wp-json\/wp\/v2\/types\/page"}],"author":[{"embeddable":true,"href":"https:\/\/marinellapizzeria.fi\/en\/wp-json\/wp\/v2\/users\/2"}],"replies":[{"embeddable":true,"href":"https:\/\/marinellapizzeria.fi\/en\/wp-json\/wp\/v2\/comments?post=3"}],"version-history":[{"count":5,"href":"https:\/\/marinellapizzeria.fi\/en\/wp-json\/wp\/v2\/pages\/3\/revisions"}],"predecessor-version":[{"id":4376,"href":"https:\/\/marinellapizzeria.fi\/en\/wp-json\/wp\/v2\/pages\/3\/revisions\/4376"}],"wp:attachment":[{"href":"https:\/\/marinellapizzeria.fi\/en\/wp-json\/wp\/v2\/media?parent=3"}],"curies":[{"name":"wp","href":"https:\/\/api.w.org\/{rel}","templated":true}]}}