{"id":379,"date":"2024-04-22T21:05:26","date_gmt":"2024-04-22T19:05:26","guid":{"rendered":"https:\/\/marinellapizzeria.fi\/oma-tili\/"},"modified":"2025-05-13T00:14:35","modified_gmt":"2025-05-12T21:14:35","slug":"oma-tili","status":"publish","type":"page","link":"https:\/\/marinellapizzeria.fi\/en\/your-account\/","title":{"rendered":"My account"},"content":{"rendered":"<div class=\"woocommerce\"><\/div>","protected":false},"excerpt":{"rendered":"","protected":false},"author":2,"featured_media":3416,"parent":0,"menu_order":0,"comment_status":"closed","ping_status":"closed","template":"page-my-account.php","meta":{"inline_featured_image":false,"footnotes":""},"class_list":["post-379","page","type-page","status-publish","has-post-thumbnail","hentry"],"yoast_head":"<!-- This site is optimized with the Yoast SEO plugin v26.9 - https:\/\/yoast.com\/product\/yoast-seo-wordpress\/ -->\n<title>Oma tili |Kirjaudu | Hei pizzafani - t\u00e4\u00e4ll\u00e4 hallitset kaiken helposti<\/title>\n<meta name=\"description\" content=\"Tervetuloa omalle tilillesi. Hallinoimalla tilauksesi ja tietosi yhdess\u00e4 paikassa s\u00e4\u00e4st\u00e4t aikaa - keskitt\u00e4m\u00e4ll\u00e4 saat etuja.\" \/>\n<meta name=\"robots\" content=\"index, follow, max-snippet:-1, max-image-preview:large, max-video-preview:-1\" \/>\n<link rel=\"canonical\" href=\"https:\/\/marinellapizzeria.fi\/en\/your-account\/\" \/>\n<meta property=\"og:locale\" content=\"en_GB\" \/>\n<meta property=\"og:type\" content=\"article\" \/>\n<meta property=\"og:title\" content=\"Oma tili |Kirjaudu | Hei pizzafani - t\u00e4\u00e4ll\u00e4 hallitset kaiken helposti\" \/>\n<meta property=\"og:description\" content=\"Tervetuloa omalle tilillesi. Hallinoimalla tilauksesi ja tietosi yhdess\u00e4 paikassa s\u00e4\u00e4st\u00e4t aikaa - keskitt\u00e4m\u00e4ll\u00e4 saat etuja.\" \/>\n<meta property=\"og:url\" content=\"https:\/\/marinellapizzeria.fi\/en\/your-account\/\" \/>\n<meta property=\"og:site_name\" content=\"Marinella - Pizzeria\" \/>\n<meta property=\"article:publisher\" content=\"https:\/\/www.facebook.com\/marinellapizzeriamuurame\/\" \/>\n<meta property=\"article:modified_time\" content=\"2025-05-12T21:14:35+00:00\" \/>\n<meta property=\"og:image\" content=\"https:\/\/marinellapizzeria.fi\/wp-content\/uploads\/2025\/05\/marinella-pizzeria-muurame-paras-paikallinen-pizzeria.jpg\" \/>\n\t<meta property=\"og:image:width\" content=\"1200\" \/>\n\t<meta property=\"og:image:height\" content=\"800\" \/>\n\t<meta property=\"og:image:type\" content=\"image\/jpeg\" \/>\n<meta name=\"twitter:card\" content=\"summary_large_image\" \/>\n<meta name=\"twitter:label1\" content=\"Estimated reading time\" \/>\n\t<meta name=\"twitter:data1\" content=\"1 minute\" \/>\n<script type=\"application\/ld+json\" class=\"yoast-schema-graph\">{\"@context\":\"https:\/\/schema.org\",\"@graph\":[{\"@type\":\"WebPage\",\"@id\":\"https:\/\/marinellapizzeria.fi\/oma-tili\/\",\"url\":\"https:\/\/marinellapizzeria.fi\/oma-tili\/\",\"name\":\"Oma tili |Kirjaudu | Hei pizzafani - t\u00e4\u00e4ll\u00e4 hallitset kaiken helposti\",\"isPartOf\":{\"@id\":\"https:\/\/marinellapizzeria.fi\/#website\"},\"primaryImageOfPage\":{\"@id\":\"https:\/\/marinellapizzeria.fi\/oma-tili\/#primaryimage\"},\"image\":{\"@id\":\"https:\/\/marinellapizzeria.fi\/oma-tili\/#primaryimage\"},\"thumbnailUrl\":\"https:\/\/marinellapizzeria.fi\/wp-content\/uploads\/2025\/05\/marinella-pizzeria-muurame-paras-paikallinen-pizzeria.jpg\",\"datePublished\":\"2024-04-22T19:05:26+00:00\",\"dateModified\":\"2025-05-12T21:14:35+00:00\",\"description\":\"Tervetuloa omalle tilillesi. Hallinoimalla tilauksesi ja tietosi yhdess\u00e4 paikassa s\u00e4\u00e4st\u00e4t aikaa - keskitt\u00e4m\u00e4ll\u00e4 saat etuja.\",\"breadcrumb\":{\"@id\":\"https:\/\/marinellapizzeria.fi\/oma-tili\/#breadcrumb\"},\"inLanguage\":\"en-GB\",\"potentialAction\":[{\"@type\":\"ReadAction\",\"target\":[\"https:\/\/marinellapizzeria.fi\/oma-tili\/\"]}]},{\"@type\":\"ImageObject\",\"inLanguage\":\"en-GB\",\"@id\":\"https:\/\/marinellapizzeria.fi\/oma-tili\/#primaryimage\",\"url\":\"https:\/\/marinellapizzeria.fi\/wp-content\/uploads\/2025\/05\/marinella-pizzeria-muurame-paras-paikallinen-pizzeria.jpg\",\"contentUrl\":\"https:\/\/marinellapizzeria.fi\/wp-content\/uploads\/2025\/05\/marinella-pizzeria-muurame-paras-paikallinen-pizzeria.jpg\",\"width\":1200,\"height\":800},{\"@type\":\"BreadcrumbList\",\"@id\":\"https:\/\/marinellapizzeria.fi\/oma-tili\/#breadcrumb\",\"itemListElement\":[{\"@type\":\"ListItem\",\"position\":1,\"name\":\"Etusivu\",\"item\":\"https:\/\/marinellapizzeria.fi\/\"},{\"@type\":\"ListItem\",\"position\":2,\"name\":\"Oma tili\"}]},{\"@type\":\"WebSite\",\"@id\":\"https:\/\/marinellapizzeria.fi\/#website\",\"url\":\"https:\/\/marinellapizzeria.fi\/\",\"name\":\"Marinella - Pizzeria\",\"description\":\"Dine in or take away\",\"publisher\":{\"@id\":\"https:\/\/marinellapizzeria.fi\/#organization\"},\"potentialAction\":[{\"@type\":\"SearchAction\",\"target\":{\"@type\":\"EntryPoint\",\"urlTemplate\":\"https:\/\/marinellapizzeria.fi\/?s={search_term_string}\"},\"query-input\":{\"@type\":\"PropertyValueSpecification\",\"valueRequired\":true,\"valueName\":\"search_term_string\"}}],\"inLanguage\":\"en-GB\"},{\"@type\":\"Organization\",\"@id\":\"https:\/\/marinellapizzeria.fi\/#organization\",\"name\":\"Marinella - Pizzeria\",\"url\":\"https:\/\/marinellapizzeria.fi\/\",\"logo\":{\"@type\":\"ImageObject\",\"inLanguage\":\"en-GB\",\"@id\":\"https:\/\/marinellapizzeria.fi\/#\/schema\/logo\/image\/\",\"url\":\"https:\/\/marinellapizzeria.fi\/wp-content\/uploads\/2022\/12\/hero-logo.svg\",\"contentUrl\":\"https:\/\/marinellapizzeria.fi\/wp-content\/uploads\/2022\/12\/hero-logo.svg\",\"width\":1,\"height\":1,\"caption\":\"Marinella - Pizzeria\"},\"image\":{\"@id\":\"https:\/\/marinellapizzeria.fi\/#\/schema\/logo\/image\/\"},\"sameAs\":[\"https:\/\/www.facebook.com\/marinellapizzeriamuurame\/\",\"https:\/\/www.instagram.com\/marinellapizzeria\/\"]}]}<\/script>\n<!-- \/ Yoast SEO plugin. -->","yoast_head_json":{"title":"My account |Log in | Hey pizza fan - here you can manage everything easily","description":"Welcome to your own account. By managing your subscriptions and information in one place, you save time - centralising gives you benefits.","robots":{"index":"index","follow":"follow","max-snippet":"max-snippet:-1","max-image-preview":"max-image-preview:large","max-video-preview":"max-video-preview:-1"},"canonical":"https:\/\/marinellapizzeria.fi\/en\/your-account\/","og_locale":"en_GB","og_type":"article","og_title":"Oma tili |Kirjaudu | Hei pizzafani - t\u00e4\u00e4ll\u00e4 hallitset kaiken helposti","og_description":"Tervetuloa omalle tilillesi. Hallinoimalla tilauksesi ja tietosi yhdess\u00e4 paikassa s\u00e4\u00e4st\u00e4t aikaa - keskitt\u00e4m\u00e4ll\u00e4 saat etuja.","og_url":"https:\/\/marinellapizzeria.fi\/en\/your-account\/","og_site_name":"Marinella - Pizzeria","article_publisher":"https:\/\/www.facebook.com\/marinellapizzeriamuurame\/","article_modified_time":"2025-05-12T21:14:35+00:00","og_image":[{"width":1200,"height":800,"url":"https:\/\/marinellapizzeria.fi\/wp-content\/uploads\/2025\/05\/marinella-pizzeria-muurame-paras-paikallinen-pizzeria.jpg","type":"image\/jpeg"}],"twitter_card":"summary_large_image","twitter_misc":{"Estimated reading time":"1 minute"},"schema":{"@context":"https:\/\/schema.org","@graph":[{"@type":"WebPage","@id":"https:\/\/marinellapizzeria.fi\/oma-tili\/","url":"https:\/\/marinellapizzeria.fi\/oma-tili\/","name":"My account |Log in | Hey pizza fan - here you can manage everything easily","isPartOf":{"@id":"https:\/\/marinellapizzeria.fi\/#website"},"primaryImageOfPage":{"@id":"https:\/\/marinellapizzeria.fi\/oma-tili\/#primaryimage"},"image":{"@id":"https:\/\/marinellapizzeria.fi\/oma-tili\/#primaryimage"},"thumbnailUrl":"https:\/\/marinellapizzeria.fi\/wp-content\/uploads\/2025\/05\/marinella-pizzeria-muurame-paras-paikallinen-pizzeria.jpg","datePublished":"2024-04-22T19:05:26+00:00","dateModified":"2025-05-12T21:14:35+00:00","description":"Welcome to your own account. By managing your subscriptions and information in one place, you save time - centralising gives you benefits.","breadcrumb":{"@id":"https:\/\/marinellapizzeria.fi\/oma-tili\/#breadcrumb"},"inLanguage":"en-GB","potentialAction":[{"@type":"ReadAction","target":["https:\/\/marinellapizzeria.fi\/oma-tili\/"]}]},{"@type":"ImageObject","inLanguage":"en-GB","@id":"https:\/\/marinellapizzeria.fi\/oma-tili\/#primaryimage","url":"https:\/\/marinellapizzeria.fi\/wp-content\/uploads\/2025\/05\/marinella-pizzeria-muurame-paras-paikallinen-pizzeria.jpg","contentUrl":"https:\/\/marinellapizzeria.fi\/wp-content\/uploads\/2025\/05\/marinella-pizzeria-muurame-paras-paikallinen-pizzeria.jpg","width":1200,"height":800},{"@type":"BreadcrumbList","@id":"https:\/\/marinellapizzeria.fi\/oma-tili\/#breadcrumb","itemListElement":[{"@type":"ListItem","position":1,"name":"Etusivu","item":"https:\/\/marinellapizzeria.fi\/"},{"@type":"ListItem","position":2,"name":"Oma tili"}]},{"@type":"WebSite","@id":"https:\/\/marinellapizzeria.fi\/#website","url":"https:\/\/marinellapizzeria.fi\/","name":"Marinella - Pizzeria","description":"Dine in or take away","publisher":{"@id":"https:\/\/marinellapizzeria.fi\/#organization"},"potentialAction":[{"@type":"SearchAction","target":{"@type":"EntryPoint","urlTemplate":"https:\/\/marinellapizzeria.fi\/?s={search_term_string}"},"query-input":{"@type":"PropertyValueSpecification","valueRequired":true,"valueName":"search_term_string"}}],"inLanguage":"en-GB"},{"@type":"Organization","@id":"https:\/\/marinellapizzeria.fi\/#organization","name":"Marinella - Pizzeria","url":"https:\/\/marinellapizzeria.fi\/","logo":{"@type":"ImageObject","inLanguage":"en-GB","@id":"https:\/\/marinellapizzeria.fi\/#\/schema\/logo\/image\/","url":"https:\/\/marinellapizzeria.fi\/wp-content\/uploads\/2022\/12\/hero-logo.svg","contentUrl":"https:\/\/marinellapizzeria.fi\/wp-content\/uploads\/2022\/12\/hero-logo.svg","width":1,"height":1,"caption":"Marinella - Pizzeria"},"image":{"@id":"https:\/\/marinellapizzeria.fi\/#\/schema\/logo\/image\/"},"sameAs":["https:\/\/www.facebook.com\/marinellapizzeriamuurame\/","https:\/\/www.instagram.com\/marinellapizzeria\/"]}]}},"_links":{"self":[{"href":"https:\/\/marinellapizzeria.fi\/en\/wp-json\/wp\/v2\/pages\/379","targetHints":{"allow":["GET"]}}],"collection":[{"href":"https:\/\/marinellapizzeria.fi\/en\/wp-json\/wp\/v2\/pages"}],"about":[{"href":"https:\/\/marinellapizzeria.fi\/en\/wp-json\/wp\/v2\/types\/page"}],"author":[{"embeddable":true,"href":"https:\/\/marinellapizzeria.fi\/en\/wp-json\/wp\/v2\/users\/2"}],"replies":[{"embeddable":true,"href":"https:\/\/marinellapizzeria.fi\/en\/wp-json\/wp\/v2\/comments?post=379"}],"version-history":[{"count":2,"href":"https:\/\/marinellapizzeria.fi\/en\/wp-json\/wp\/v2\/pages\/379\/revisions"}],"predecessor-version":[{"id":2970,"href":"https:\/\/marinellapizzeria.fi\/en\/wp-json\/wp\/v2\/pages\/379\/revisions\/2970"}],"wp:featuredmedia":[{"embeddable":true,"href":"https:\/\/marinellapizzeria.fi\/en\/wp-json\/wp\/v2\/media\/3416"}],"wp:attachment":[{"href":"https:\/\/marinellapizzeria.fi\/en\/wp-json\/wp\/v2\/media?parent=379"}],"curies":[{"name":"wp","href":"https:\/\/api.w.org\/{rel}","templated":true}]}}