{"id":1426,"date":"2024-05-15T22:38:19","date_gmt":"2024-05-15T20:38:19","guid":{"rendered":"https:\/\/marinellapizzeria.fi\/?post_type=product&#038;p=1426"},"modified":"2025-05-11T19:40:40","modified_gmt":"2025-05-11T16:40:40","slug":"crispy-fries","status":"publish","type":"product","link":"https:\/\/marinellapizzeria.fi\/en\/from-the-grill\/crispy-fries\/","title":{"rendered":"Crispy Fries"},"content":{"rendered":"<p>Complete your meal with crispy, freshly baked chips. Always a tasty side dish - perfect as an appetizer, side dish or snack.<\/p>","protected":false},"excerpt":{"rendered":"<p>French fries + ketchup<\/p>","protected":false},"featured_media":2884,"template":"","meta":{"inline_featured_image":false},"product_brand":[],"product_cat":[24],"product_tag":[116,132,129,87,130,118,128,131],"class_list":{"0":"post-1426","1":"product","2":"type-product","3":"status-publish","4":"has-post-thumbnail","6":"product_cat-from-the-grill","7":"product_tag-grillista","8":"product_tag-laadukas-ranskanperuna","9":"product_tag-lisuke","10":"product_tag-marinella-pizzeria","11":"product_tag-pelkka-ranskalaiset","12":"product_tag-ranskalaiset","13":"product_tag-ranskanperuna","14":"product_tag-rapeat-perunat","16":"first","17":"instock","18":"taxable","19":"shipping-taxable","20":"purchasable","21":"product-type-simple"},"yoast_head":"<!-- This site is optimized with the Yoast SEO plugin v26.9 - https:\/\/yoast.com\/product\/yoast-seo-wordpress\/ -->\n<title>Crispy Fries | From the grill<\/title>\n<meta name=\"description\" content=\"T\u00e4ydenn\u00e4 ateriasi rapeita, vastaanpaistetuilla ranskanperunoilla. Aina maistuva lisuke sivuun - sopii alkupalaksi, lis\u00e4n\u00e4 tai naposteltavaksi.\" \/>\n<meta name=\"robots\" content=\"index, follow, max-snippet:-1, max-image-preview:large, max-video-preview:-1\" \/>\n<link rel=\"canonical\" href=\"https:\/\/marinellapizzeria.fi\/en\/from-the-grill\/crispy-fries\/\" \/>\n<meta property=\"og:locale\" content=\"en_GB\" \/>\n<meta property=\"og:type\" content=\"article\" \/>\n<meta property=\"og:title\" content=\"Crispy Fries | From the grill\" \/>\n<meta property=\"og:description\" content=\"T\u00e4ydenn\u00e4 ateriasi rapeita, vastaanpaistetuilla ranskanperunoilla. Aina maistuva lisuke sivuun - sopii alkupalaksi, lis\u00e4n\u00e4 tai naposteltavaksi.\" \/>\n<meta property=\"og:url\" content=\"https:\/\/marinellapizzeria.fi\/en\/from-the-grill\/crispy-fries\/\" \/>\n<meta property=\"og:site_name\" content=\"Marinella - Pizzeria\" \/>\n<meta property=\"article:publisher\" content=\"https:\/\/www.facebook.com\/marinellapizzeriamuurame\/\" \/>\n<meta property=\"article:modified_time\" content=\"2025-05-11T16:40:40+00:00\" \/>\n<meta property=\"og:image\" content=\"https:\/\/marinellapizzeria.fi\/wp-content\/uploads\/2024\/05\/crispy-fries-ranskalaiset.jpg\" \/>\n\t<meta property=\"og:image:width\" content=\"1400\" \/>\n\t<meta property=\"og:image:height\" content=\"1000\" \/>\n\t<meta property=\"og:image:type\" content=\"image\/jpeg\" \/>\n<meta name=\"twitter:card\" content=\"summary_large_image\" \/>\n<meta name=\"twitter:label1\" content=\"Estimated reading time\" \/>\n\t<meta name=\"twitter:data1\" content=\"1 minute\" \/>\n<script type=\"application\/ld+json\" class=\"yoast-schema-graph\">{\"@context\":\"https:\/\/schema.org\",\"@graph\":[{\"@type\":\"WebPage\",\"@id\":\"https:\/\/marinellapizzeria.fi\/menu\/from-the-grill\/crispy-fries\/\",\"url\":\"https:\/\/marinellapizzeria.fi\/menu\/from-the-grill\/crispy-fries\/\",\"name\":\"Crispy Fries | From the grill\",\"isPartOf\":{\"@id\":\"https:\/\/marinellapizzeria.fi\/#website\"},\"primaryImageOfPage\":{\"@id\":\"https:\/\/marinellapizzeria.fi\/menu\/from-the-grill\/crispy-fries\/#primaryimage\"},\"image\":{\"@id\":\"https:\/\/marinellapizzeria.fi\/menu\/from-the-grill\/crispy-fries\/#primaryimage\"},\"thumbnailUrl\":\"https:\/\/marinellapizzeria.fi\/wp-content\/uploads\/2024\/05\/crispy-fries-ranskalaiset.jpg\",\"datePublished\":\"2024-05-15T20:38:19+00:00\",\"dateModified\":\"2025-05-11T16:40:40+00:00\",\"description\":\"T\u00e4ydenn\u00e4 ateriasi rapeita, vastaanpaistetuilla ranskanperunoilla. Aina maistuva lisuke sivuun - sopii alkupalaksi, lis\u00e4n\u00e4 tai naposteltavaksi.\",\"breadcrumb\":{\"@id\":\"https:\/\/marinellapizzeria.fi\/menu\/from-the-grill\/crispy-fries\/#breadcrumb\"},\"inLanguage\":\"en-GB\",\"potentialAction\":[{\"@type\":\"ReadAction\",\"target\":[\"https:\/\/marinellapizzeria.fi\/menu\/from-the-grill\/crispy-fries\/\"]}]},{\"@type\":\"ImageObject\",\"inLanguage\":\"en-GB\",\"@id\":\"https:\/\/marinellapizzeria.fi\/menu\/from-the-grill\/crispy-fries\/#primaryimage\",\"url\":\"https:\/\/marinellapizzeria.fi\/wp-content\/uploads\/2024\/05\/crispy-fries-ranskalaiset.jpg\",\"contentUrl\":\"https:\/\/marinellapizzeria.fi\/wp-content\/uploads\/2024\/05\/crispy-fries-ranskalaiset.jpg\",\"width\":1400,\"height\":1000},{\"@type\":\"BreadcrumbList\",\"@id\":\"https:\/\/marinellapizzeria.fi\/menu\/from-the-grill\/crispy-fries\/#breadcrumb\",\"itemListElement\":[{\"@type\":\"ListItem\",\"position\":1,\"name\":\"Etusivu\",\"item\":\"https:\/\/marinellapizzeria.fi\/\"},{\"@type\":\"ListItem\",\"position\":2,\"name\":\"Kauppa\",\"item\":\"https:\/\/marinellapizzeria.fi\/kauppa\/\"},{\"@type\":\"ListItem\",\"position\":3,\"name\":\"Crispy Fries\"}]},{\"@type\":\"WebSite\",\"@id\":\"https:\/\/marinellapizzeria.fi\/#website\",\"url\":\"https:\/\/marinellapizzeria.fi\/\",\"name\":\"Marinella - Pizzeria\",\"description\":\"Dine in or take away\",\"publisher\":{\"@id\":\"https:\/\/marinellapizzeria.fi\/#organization\"},\"potentialAction\":[{\"@type\":\"SearchAction\",\"target\":{\"@type\":\"EntryPoint\",\"urlTemplate\":\"https:\/\/marinellapizzeria.fi\/?s={search_term_string}\"},\"query-input\":{\"@type\":\"PropertyValueSpecification\",\"valueRequired\":true,\"valueName\":\"search_term_string\"}}],\"inLanguage\":\"en-GB\"},{\"@type\":\"Organization\",\"@id\":\"https:\/\/marinellapizzeria.fi\/#organization\",\"name\":\"Marinella - Pizzeria\",\"url\":\"https:\/\/marinellapizzeria.fi\/\",\"logo\":{\"@type\":\"ImageObject\",\"inLanguage\":\"en-GB\",\"@id\":\"https:\/\/marinellapizzeria.fi\/#\/schema\/logo\/image\/\",\"url\":\"https:\/\/marinellapizzeria.fi\/wp-content\/uploads\/2022\/12\/hero-logo.svg\",\"contentUrl\":\"https:\/\/marinellapizzeria.fi\/wp-content\/uploads\/2022\/12\/hero-logo.svg\",\"width\":1,\"height\":1,\"caption\":\"Marinella - Pizzeria\"},\"image\":{\"@id\":\"https:\/\/marinellapizzeria.fi\/#\/schema\/logo\/image\/\"},\"sameAs\":[\"https:\/\/www.facebook.com\/marinellapizzeriamuurame\/\",\"https:\/\/www.instagram.com\/marinellapizzeria\/\"]}]}<\/script>\n<!-- \/ Yoast SEO plugin. -->","yoast_head_json":{"title":"Crispy Fries | From the grill","description":"Complete your meal with crispy, freshly baked chips. Always a tasty side dish - perfect as an appetizer, side dish or snack.","robots":{"index":"index","follow":"follow","max-snippet":"max-snippet:-1","max-image-preview":"max-image-preview:large","max-video-preview":"max-video-preview:-1"},"canonical":"https:\/\/marinellapizzeria.fi\/en\/from-the-grill\/crispy-fries\/","og_locale":"en_GB","og_type":"article","og_title":"Crispy Fries | From the grill","og_description":"T\u00e4ydenn\u00e4 ateriasi rapeita, vastaanpaistetuilla ranskanperunoilla. Aina maistuva lisuke sivuun - sopii alkupalaksi, lis\u00e4n\u00e4 tai naposteltavaksi.","og_url":"https:\/\/marinellapizzeria.fi\/en\/from-the-grill\/crispy-fries\/","og_site_name":"Marinella - Pizzeria","article_publisher":"https:\/\/www.facebook.com\/marinellapizzeriamuurame\/","article_modified_time":"2025-05-11T16:40:40+00:00","og_image":[{"width":1400,"height":1000,"url":"https:\/\/marinellapizzeria.fi\/wp-content\/uploads\/2024\/05\/crispy-fries-ranskalaiset.jpg","type":"image\/jpeg"}],"twitter_card":"summary_large_image","twitter_misc":{"Estimated reading time":"1 minute"},"schema":{"@context":"https:\/\/schema.org","@graph":[{"@type":"WebPage","@id":"https:\/\/marinellapizzeria.fi\/menu\/from-the-grill\/crispy-fries\/","url":"https:\/\/marinellapizzeria.fi\/menu\/from-the-grill\/crispy-fries\/","name":"Crispy Fries | From the grill","isPartOf":{"@id":"https:\/\/marinellapizzeria.fi\/#website"},"primaryImageOfPage":{"@id":"https:\/\/marinellapizzeria.fi\/menu\/from-the-grill\/crispy-fries\/#primaryimage"},"image":{"@id":"https:\/\/marinellapizzeria.fi\/menu\/from-the-grill\/crispy-fries\/#primaryimage"},"thumbnailUrl":"https:\/\/marinellapizzeria.fi\/wp-content\/uploads\/2024\/05\/crispy-fries-ranskalaiset.jpg","datePublished":"2024-05-15T20:38:19+00:00","dateModified":"2025-05-11T16:40:40+00:00","description":"Complete your meal with crispy, freshly baked chips. Always a tasty side dish - perfect as an appetizer, side dish or snack.","breadcrumb":{"@id":"https:\/\/marinellapizzeria.fi\/menu\/from-the-grill\/crispy-fries\/#breadcrumb"},"inLanguage":"en-GB","potentialAction":[{"@type":"ReadAction","target":["https:\/\/marinellapizzeria.fi\/menu\/from-the-grill\/crispy-fries\/"]}]},{"@type":"ImageObject","inLanguage":"en-GB","@id":"https:\/\/marinellapizzeria.fi\/menu\/from-the-grill\/crispy-fries\/#primaryimage","url":"https:\/\/marinellapizzeria.fi\/wp-content\/uploads\/2024\/05\/crispy-fries-ranskalaiset.jpg","contentUrl":"https:\/\/marinellapizzeria.fi\/wp-content\/uploads\/2024\/05\/crispy-fries-ranskalaiset.jpg","width":1400,"height":1000},{"@type":"BreadcrumbList","@id":"https:\/\/marinellapizzeria.fi\/menu\/from-the-grill\/crispy-fries\/#breadcrumb","itemListElement":[{"@type":"ListItem","position":1,"name":"Etusivu","item":"https:\/\/marinellapizzeria.fi\/"},{"@type":"ListItem","position":2,"name":"Kauppa","item":"https:\/\/marinellapizzeria.fi\/kauppa\/"},{"@type":"ListItem","position":3,"name":"Crispy Fries"}]},{"@type":"WebSite","@id":"https:\/\/marinellapizzeria.fi\/#website","url":"https:\/\/marinellapizzeria.fi\/","name":"Marinella - Pizzeria","description":"Dine in or take away","publisher":{"@id":"https:\/\/marinellapizzeria.fi\/#organization"},"potentialAction":[{"@type":"SearchAction","target":{"@type":"EntryPoint","urlTemplate":"https:\/\/marinellapizzeria.fi\/?s={search_term_string}"},"query-input":{"@type":"PropertyValueSpecification","valueRequired":true,"valueName":"search_term_string"}}],"inLanguage":"en-GB"},{"@type":"Organization","@id":"https:\/\/marinellapizzeria.fi\/#organization","name":"Marinella - Pizzeria","url":"https:\/\/marinellapizzeria.fi\/","logo":{"@type":"ImageObject","inLanguage":"en-GB","@id":"https:\/\/marinellapizzeria.fi\/#\/schema\/logo\/image\/","url":"https:\/\/marinellapizzeria.fi\/wp-content\/uploads\/2022\/12\/hero-logo.svg","contentUrl":"https:\/\/marinellapizzeria.fi\/wp-content\/uploads\/2022\/12\/hero-logo.svg","width":1,"height":1,"caption":"Marinella - Pizzeria"},"image":{"@id":"https:\/\/marinellapizzeria.fi\/#\/schema\/logo\/image\/"},"sameAs":["https:\/\/www.facebook.com\/marinellapizzeriamuurame\/","https:\/\/www.instagram.com\/marinellapizzeria\/"]}]}},"_links":{"self":[{"href":"https:\/\/marinellapizzeria.fi\/en\/wp-json\/wp\/v2\/product\/1426","targetHints":{"allow":["GET"]}}],"collection":[{"href":"https:\/\/marinellapizzeria.fi\/en\/wp-json\/wp\/v2\/product"}],"about":[{"href":"https:\/\/marinellapizzeria.fi\/en\/wp-json\/wp\/v2\/types\/product"}],"wp:featuredmedia":[{"embeddable":true,"href":"https:\/\/marinellapizzeria.fi\/en\/wp-json\/wp\/v2\/media\/2884"}],"wp:attachment":[{"href":"https:\/\/marinellapizzeria.fi\/en\/wp-json\/wp\/v2\/media?parent=1426"}],"wp:term":[{"taxonomy":"product_brand","embeddable":true,"href":"https:\/\/marinellapizzeria.fi\/en\/wp-json\/wp\/v2\/product_brand?post=1426"},{"taxonomy":"product_cat","embeddable":true,"href":"https:\/\/marinellapizzeria.fi\/en\/wp-json\/wp\/v2\/product_cat?post=1426"},{"taxonomy":"product_tag","embeddable":true,"href":"https:\/\/marinellapizzeria.fi\/en\/wp-json\/wp\/v2\/product_tag?post=1426"}],"curies":[{"name":"wp","href":"https:\/\/api.w.org\/{rel}","templated":true}]}}