{"id":1427,"date":"2024-05-15T22:38:20","date_gmt":"2024-05-15T20:38:20","guid":{"rendered":"https:\/\/marinellapizzeria.fi\/?post_type=product&#038;p=1427"},"modified":"2025-05-11T18:37:44","modified_gmt":"2025-05-11T15:37:44","slug":"bataatti-ranskalaiset","status":"publish","type":"product","link":"https:\/\/marinellapizzeria.fi\/en\/from-the-grill\/sweet-potato-fries\/","title":{"rendered":"Sweet potatos"},"content":{"rendered":"<p>Deliciously soft, sweet and just the right amount of crunch, sweet potato pancakes are the perfect accompaniment to any meal - perfect as an appetizer, side dish or snack.<\/p>","protected":false},"excerpt":{"rendered":"<p>Deliciously soft, sweet and just the right amount of crunch, sweet potato pancakes are the perfect accompaniment to any meal - perfect as an appetizer, side dish or snack.<\/p>","protected":false},"featured_media":2883,"template":"","meta":{"inline_featured_image":false},"product_brand":[],"product_cat":[24],"product_tag":[120,127,123,122,117,124,116,125,119,118,121,126],"class_list":{"0":"post-1427","1":"product","2":"type-product","3":"status-publish","4":"has-post-thumbnail","6":"product_cat-from-the-grill","7":"product_tag-alkupala","8":"product_tag-alkupala-bataatista","9":"product_tag-bataatti-ranskalaiset-marinella-pizzeria","10":"product_tag-bataattiperunat-muurame","11":"product_tag-bataattiranskalaiset","12":"product_tag-bataattiranskalaiset-jyvaskyla","13":"product_tag-grillista","14":"product_tag-kasvislisuke","15":"product_tag-pieni-syotava","16":"product_tag-ranskalaiset","17":"product_tag-sweet-potatos","18":"product_tag-vegaaninen","20":"first","21":"instock","22":"taxable","23":"shipping-taxable","24":"purchasable","25":"product-type-simple"},"yoast_head":"<!-- This site is optimized with the Yoast SEO plugin v26.9 - https:\/\/yoast.com\/product\/yoast-seo-wordpress\/ -->\n<title>Sweet potatos | From the grill<\/title>\n<meta name=\"description\" content=\"Pehme\u00e4n makeat ja rapeaksi paistetut bataattiranskalaiset t\u00e4ydent\u00e4v\u00e4t annoksesi herkullisesti - alkupalana, lisukkeena tai naposteltavana.\" \/>\n<meta name=\"robots\" content=\"index, follow, max-snippet:-1, max-image-preview:large, max-video-preview:-1\" \/>\n<link rel=\"canonical\" href=\"https:\/\/marinellapizzeria.fi\/en\/from-the-grill\/sweet-potato-fries\/\" \/>\n<meta property=\"og:locale\" content=\"en_GB\" \/>\n<meta property=\"og:type\" content=\"article\" \/>\n<meta property=\"og:title\" content=\"Sweet potatos | From the grill\" \/>\n<meta property=\"og:description\" content=\"Pehme\u00e4n makeat ja rapeaksi paistetut bataattiranskalaiset t\u00e4ydent\u00e4v\u00e4t annoksesi herkullisesti - alkupalana, lisukkeena tai naposteltavana.\" \/>\n<meta property=\"og:url\" content=\"https:\/\/marinellapizzeria.fi\/en\/from-the-grill\/sweet-potato-fries\/\" \/>\n<meta property=\"og:site_name\" content=\"Marinella - Pizzeria\" \/>\n<meta property=\"article:publisher\" content=\"https:\/\/www.facebook.com\/marinellapizzeriamuurame\/\" \/>\n<meta property=\"article:modified_time\" content=\"2025-05-11T15:37:44+00:00\" \/>\n<meta property=\"og:image\" content=\"https:\/\/marinellapizzeria.fi\/wp-content\/uploads\/2024\/05\/sweet-potatoes-bataattiperunat-grilliruoka.jpg\" \/>\n\t<meta property=\"og:image:width\" content=\"1400\" \/>\n\t<meta property=\"og:image:height\" content=\"1000\" \/>\n\t<meta property=\"og:image:type\" content=\"image\/jpeg\" \/>\n<meta name=\"twitter:card\" content=\"summary_large_image\" \/>\n<meta name=\"twitter:label1\" content=\"Estimated reading time\" \/>\n\t<meta name=\"twitter:data1\" content=\"1 minute\" \/>\n<script type=\"application\/ld+json\" class=\"yoast-schema-graph\">{\"@context\":\"https:\/\/schema.org\",\"@graph\":[{\"@type\":\"WebPage\",\"@id\":\"https:\/\/marinellapizzeria.fi\/menu\/from-the-grill\/bataatti-ranskalaiset\/\",\"url\":\"https:\/\/marinellapizzeria.fi\/menu\/from-the-grill\/bataatti-ranskalaiset\/\",\"name\":\"Sweet potatos | From the grill\",\"isPartOf\":{\"@id\":\"https:\/\/marinellapizzeria.fi\/#website\"},\"primaryImageOfPage\":{\"@id\":\"https:\/\/marinellapizzeria.fi\/menu\/from-the-grill\/bataatti-ranskalaiset\/#primaryimage\"},\"image\":{\"@id\":\"https:\/\/marinellapizzeria.fi\/menu\/from-the-grill\/bataatti-ranskalaiset\/#primaryimage\"},\"thumbnailUrl\":\"https:\/\/marinellapizzeria.fi\/wp-content\/uploads\/2024\/05\/sweet-potatoes-bataattiperunat-grilliruoka.jpg\",\"datePublished\":\"2024-05-15T20:38:20+00:00\",\"dateModified\":\"2025-05-11T15:37:44+00:00\",\"description\":\"Pehme\u00e4n makeat ja rapeaksi paistetut bataattiranskalaiset t\u00e4ydent\u00e4v\u00e4t annoksesi herkullisesti - alkupalana, lisukkeena tai naposteltavana.\",\"breadcrumb\":{\"@id\":\"https:\/\/marinellapizzeria.fi\/menu\/from-the-grill\/bataatti-ranskalaiset\/#breadcrumb\"},\"inLanguage\":\"en-GB\",\"potentialAction\":[{\"@type\":\"ReadAction\",\"target\":[\"https:\/\/marinellapizzeria.fi\/menu\/from-the-grill\/bataatti-ranskalaiset\/\"]}]},{\"@type\":\"ImageObject\",\"inLanguage\":\"en-GB\",\"@id\":\"https:\/\/marinellapizzeria.fi\/menu\/from-the-grill\/bataatti-ranskalaiset\/#primaryimage\",\"url\":\"https:\/\/marinellapizzeria.fi\/wp-content\/uploads\/2024\/05\/sweet-potatoes-bataattiperunat-grilliruoka.jpg\",\"contentUrl\":\"https:\/\/marinellapizzeria.fi\/wp-content\/uploads\/2024\/05\/sweet-potatoes-bataattiperunat-grilliruoka.jpg\",\"width\":1400,\"height\":1000},{\"@type\":\"BreadcrumbList\",\"@id\":\"https:\/\/marinellapizzeria.fi\/menu\/from-the-grill\/bataatti-ranskalaiset\/#breadcrumb\",\"itemListElement\":[{\"@type\":\"ListItem\",\"position\":1,\"name\":\"Etusivu\",\"item\":\"https:\/\/marinellapizzeria.fi\/\"},{\"@type\":\"ListItem\",\"position\":2,\"name\":\"Kauppa\",\"item\":\"https:\/\/marinellapizzeria.fi\/kauppa\/\"},{\"@type\":\"ListItem\",\"position\":3,\"name\":\"Sweet potatos\"}]},{\"@type\":\"WebSite\",\"@id\":\"https:\/\/marinellapizzeria.fi\/#website\",\"url\":\"https:\/\/marinellapizzeria.fi\/\",\"name\":\"Marinella - Pizzeria\",\"description\":\"Dine in or take away\",\"publisher\":{\"@id\":\"https:\/\/marinellapizzeria.fi\/#organization\"},\"potentialAction\":[{\"@type\":\"SearchAction\",\"target\":{\"@type\":\"EntryPoint\",\"urlTemplate\":\"https:\/\/marinellapizzeria.fi\/?s={search_term_string}\"},\"query-input\":{\"@type\":\"PropertyValueSpecification\",\"valueRequired\":true,\"valueName\":\"search_term_string\"}}],\"inLanguage\":\"en-GB\"},{\"@type\":\"Organization\",\"@id\":\"https:\/\/marinellapizzeria.fi\/#organization\",\"name\":\"Marinella - Pizzeria\",\"url\":\"https:\/\/marinellapizzeria.fi\/\",\"logo\":{\"@type\":\"ImageObject\",\"inLanguage\":\"en-GB\",\"@id\":\"https:\/\/marinellapizzeria.fi\/#\/schema\/logo\/image\/\",\"url\":\"https:\/\/marinellapizzeria.fi\/wp-content\/uploads\/2022\/12\/hero-logo.svg\",\"contentUrl\":\"https:\/\/marinellapizzeria.fi\/wp-content\/uploads\/2022\/12\/hero-logo.svg\",\"width\":1,\"height\":1,\"caption\":\"Marinella - Pizzeria\"},\"image\":{\"@id\":\"https:\/\/marinellapizzeria.fi\/#\/schema\/logo\/image\/\"},\"sameAs\":[\"https:\/\/www.facebook.com\/marinellapizzeriamuurame\/\",\"https:\/\/www.instagram.com\/marinellapizzeria\/\"]}]}<\/script>\n<!-- \/ Yoast SEO plugin. -->","yoast_head_json":{"title":"Sweet potatos | From the grill","description":"Soft, sweet and crispy sweet potato pancakes are a delicious complement to your meal - as an appetizer, side dish or snack.","robots":{"index":"index","follow":"follow","max-snippet":"max-snippet:-1","max-image-preview":"max-image-preview:large","max-video-preview":"max-video-preview:-1"},"canonical":"https:\/\/marinellapizzeria.fi\/en\/from-the-grill\/sweet-potato-fries\/","og_locale":"en_GB","og_type":"article","og_title":"Sweet potatos | From the grill","og_description":"Pehme\u00e4n makeat ja rapeaksi paistetut bataattiranskalaiset t\u00e4ydent\u00e4v\u00e4t annoksesi herkullisesti - alkupalana, lisukkeena tai naposteltavana.","og_url":"https:\/\/marinellapizzeria.fi\/en\/from-the-grill\/sweet-potato-fries\/","og_site_name":"Marinella - Pizzeria","article_publisher":"https:\/\/www.facebook.com\/marinellapizzeriamuurame\/","article_modified_time":"2025-05-11T15:37:44+00:00","og_image":[{"width":1400,"height":1000,"url":"https:\/\/marinellapizzeria.fi\/wp-content\/uploads\/2024\/05\/sweet-potatoes-bataattiperunat-grilliruoka.jpg","type":"image\/jpeg"}],"twitter_card":"summary_large_image","twitter_misc":{"Estimated reading time":"1 minute"},"schema":{"@context":"https:\/\/schema.org","@graph":[{"@type":"WebPage","@id":"https:\/\/marinellapizzeria.fi\/menu\/from-the-grill\/bataatti-ranskalaiset\/","url":"https:\/\/marinellapizzeria.fi\/menu\/from-the-grill\/bataatti-ranskalaiset\/","name":"Sweet potatos | From the grill","isPartOf":{"@id":"https:\/\/marinellapizzeria.fi\/#website"},"primaryImageOfPage":{"@id":"https:\/\/marinellapizzeria.fi\/menu\/from-the-grill\/bataatti-ranskalaiset\/#primaryimage"},"image":{"@id":"https:\/\/marinellapizzeria.fi\/menu\/from-the-grill\/bataatti-ranskalaiset\/#primaryimage"},"thumbnailUrl":"https:\/\/marinellapizzeria.fi\/wp-content\/uploads\/2024\/05\/sweet-potatoes-bataattiperunat-grilliruoka.jpg","datePublished":"2024-05-15T20:38:20+00:00","dateModified":"2025-05-11T15:37:44+00:00","description":"Soft, sweet and crispy sweet potato pancakes are a delicious complement to your meal - as an appetizer, side dish or snack.","breadcrumb":{"@id":"https:\/\/marinellapizzeria.fi\/menu\/from-the-grill\/bataatti-ranskalaiset\/#breadcrumb"},"inLanguage":"en-GB","potentialAction":[{"@type":"ReadAction","target":["https:\/\/marinellapizzeria.fi\/menu\/from-the-grill\/bataatti-ranskalaiset\/"]}]},{"@type":"ImageObject","inLanguage":"en-GB","@id":"https:\/\/marinellapizzeria.fi\/menu\/from-the-grill\/bataatti-ranskalaiset\/#primaryimage","url":"https:\/\/marinellapizzeria.fi\/wp-content\/uploads\/2024\/05\/sweet-potatoes-bataattiperunat-grilliruoka.jpg","contentUrl":"https:\/\/marinellapizzeria.fi\/wp-content\/uploads\/2024\/05\/sweet-potatoes-bataattiperunat-grilliruoka.jpg","width":1400,"height":1000},{"@type":"BreadcrumbList","@id":"https:\/\/marinellapizzeria.fi\/menu\/from-the-grill\/bataatti-ranskalaiset\/#breadcrumb","itemListElement":[{"@type":"ListItem","position":1,"name":"Etusivu","item":"https:\/\/marinellapizzeria.fi\/"},{"@type":"ListItem","position":2,"name":"Kauppa","item":"https:\/\/marinellapizzeria.fi\/kauppa\/"},{"@type":"ListItem","position":3,"name":"Sweet potatos"}]},{"@type":"WebSite","@id":"https:\/\/marinellapizzeria.fi\/#website","url":"https:\/\/marinellapizzeria.fi\/","name":"Marinella - Pizzeria","description":"Dine in or take away","publisher":{"@id":"https:\/\/marinellapizzeria.fi\/#organization"},"potentialAction":[{"@type":"SearchAction","target":{"@type":"EntryPoint","urlTemplate":"https:\/\/marinellapizzeria.fi\/?s={search_term_string}"},"query-input":{"@type":"PropertyValueSpecification","valueRequired":true,"valueName":"search_term_string"}}],"inLanguage":"en-GB"},{"@type":"Organization","@id":"https:\/\/marinellapizzeria.fi\/#organization","name":"Marinella - Pizzeria","url":"https:\/\/marinellapizzeria.fi\/","logo":{"@type":"ImageObject","inLanguage":"en-GB","@id":"https:\/\/marinellapizzeria.fi\/#\/schema\/logo\/image\/","url":"https:\/\/marinellapizzeria.fi\/wp-content\/uploads\/2022\/12\/hero-logo.svg","contentUrl":"https:\/\/marinellapizzeria.fi\/wp-content\/uploads\/2022\/12\/hero-logo.svg","width":1,"height":1,"caption":"Marinella - Pizzeria"},"image":{"@id":"https:\/\/marinellapizzeria.fi\/#\/schema\/logo\/image\/"},"sameAs":["https:\/\/www.facebook.com\/marinellapizzeriamuurame\/","https:\/\/www.instagram.com\/marinellapizzeria\/"]}]}},"_links":{"self":[{"href":"https:\/\/marinellapizzeria.fi\/en\/wp-json\/wp\/v2\/product\/1427","targetHints":{"allow":["GET"]}}],"collection":[{"href":"https:\/\/marinellapizzeria.fi\/en\/wp-json\/wp\/v2\/product"}],"about":[{"href":"https:\/\/marinellapizzeria.fi\/en\/wp-json\/wp\/v2\/types\/product"}],"wp:featuredmedia":[{"embeddable":true,"href":"https:\/\/marinellapizzeria.fi\/en\/wp-json\/wp\/v2\/media\/2883"}],"wp:attachment":[{"href":"https:\/\/marinellapizzeria.fi\/en\/wp-json\/wp\/v2\/media?parent=1427"}],"wp:term":[{"taxonomy":"product_brand","embeddable":true,"href":"https:\/\/marinellapizzeria.fi\/en\/wp-json\/wp\/v2\/product_brand?post=1427"},{"taxonomy":"product_cat","embeddable":true,"href":"https:\/\/marinellapizzeria.fi\/en\/wp-json\/wp\/v2\/product_cat?post=1427"},{"taxonomy":"product_tag","embeddable":true,"href":"https:\/\/marinellapizzeria.fi\/en\/wp-json\/wp\/v2\/product_tag?post=1427"}],"curies":[{"name":"wp","href":"https:\/\/api.w.org\/{rel}","templated":true}]}}