{"id":1456,"date":"2024-05-21T13:29:50","date_gmt":"2024-05-21T11:29:50","guid":{"rendered":"https:\/\/marinellapizzeria.fi\/?post_type=product&#038;p=1456"},"modified":"2025-10-08T19:16:34","modified_gmt":"2025-10-08T16:16:34","slug":"crispy-basket","status":"publish","type":"product","link":"https:\/\/marinellapizzeria.fi\/en\/from-the-grill\/crispy-basket\/","title":{"rendered":"Crispy basket"},"content":{"rendered":"<p>A crunchy taste for hand snacking.<\/p>\n<p>Juicy and golden breaded chicken fillets with crispy fries - simply an irresistible combination. It comes with your choice of dip to top it all off. Perfect for a casual lunch, an afternoon break or to take away.<\/p>","protected":false},"excerpt":{"rendered":"<p><span style=\"font-weight: 400;\">4 pieces of breaded chicken fillet with chips and dip\u00a0<\/span><\/p>","protected":false},"featured_media":2901,"template":"","meta":{"inline_featured_image":false},"product_brand":[],"product_cat":[24],"product_tag":[108,114,115,116,107,113,87,110,109,112,111],"class_list":{"0":"post-1456","1":"product","2":"type-product","3":"status-publish","4":"has-post-thumbnail","6":"product_cat-from-the-grill","7":"product_tag-finger-food","8":"product_tag-from-the-gtill","9":"product_tag-grilliruoka","10":"product_tag-grillista","11":"product_tag-kanakori","12":"product_tag-kasin-syotava-annos","13":"product_tag-marinella-pizzeria","14":"product_tag-naposteltava-grillista","15":"product_tag-paneroitu-kananfilee-ranskalaisilla","16":"product_tag-suosittu-annos-lapsille-ja-aikuisille","17":"product_tag-take-away-kana","19":"first","20":"instock","21":"taxable","22":"shipping-taxable","23":"purchasable","24":"product-type-simple"},"yoast_head":"<!-- This site is optimized with the Yoast SEO plugin v26.9 - https:\/\/yoast.com\/product\/yoast-seo-wordpress\/ -->\n<title>Crispy basket | From the grill<\/title>\n<meta name=\"description\" content=\"Paneroidut kananfileet ja ranskalaiset - k\u00e4sin naposteltavaksi, rapsakasti grillist\u00e4. T\u00e4ydellinen valinta rennolle lounaalle tai herkutteluhetkeen.\" \/>\n<meta name=\"robots\" content=\"index, follow, max-snippet:-1, max-image-preview:large, max-video-preview:-1\" \/>\n<link rel=\"canonical\" href=\"https:\/\/marinellapizzeria.fi\/en\/from-the-grill\/crispy-basket\/\" \/>\n<meta property=\"og:locale\" content=\"en_GB\" \/>\n<meta property=\"og:type\" content=\"article\" \/>\n<meta property=\"og:title\" content=\"Crispy basket | From the grill\" \/>\n<meta property=\"og:description\" content=\"Paneroidut kananfileet ja ranskalaiset - k\u00e4sin naposteltavaksi, rapsakasti grillist\u00e4. T\u00e4ydellinen valinta rennolle lounaalle tai herkutteluhetkeen.\" \/>\n<meta property=\"og:url\" content=\"https:\/\/marinellapizzeria.fi\/en\/from-the-grill\/crispy-basket\/\" \/>\n<meta property=\"og:site_name\" content=\"Marinella - Pizzeria\" \/>\n<meta property=\"article:publisher\" content=\"https:\/\/www.facebook.com\/marinellapizzeriamuurame\/\" \/>\n<meta property=\"article:modified_time\" content=\"2025-10-08T16:16:34+00:00\" \/>\n<meta property=\"og:image\" content=\"https:\/\/marinellapizzeria.fi\/wp-content\/uploads\/2024\/05\/crispy-basket-paneroitukanafile-ranskalaisilla.jpg\" \/>\n\t<meta property=\"og:image:width\" content=\"1400\" \/>\n\t<meta property=\"og:image:height\" content=\"1000\" \/>\n\t<meta property=\"og:image:type\" content=\"image\/jpeg\" \/>\n<meta name=\"twitter:card\" content=\"summary_large_image\" \/>\n<meta name=\"twitter:label1\" content=\"Estimated reading time\" \/>\n\t<meta name=\"twitter:data1\" content=\"1 minute\" \/>\n<script type=\"application\/ld+json\" class=\"yoast-schema-graph\">{\"@context\":\"https:\/\/schema.org\",\"@graph\":[{\"@type\":\"WebPage\",\"@id\":\"https:\/\/marinellapizzeria.fi\/from-the-grill\/crispy-basket\/\",\"url\":\"https:\/\/marinellapizzeria.fi\/from-the-grill\/crispy-basket\/\",\"name\":\"Crispy basket | From the grill\",\"isPartOf\":{\"@id\":\"https:\/\/marinellapizzeria.fi\/#website\"},\"primaryImageOfPage\":{\"@id\":\"https:\/\/marinellapizzeria.fi\/from-the-grill\/crispy-basket\/#primaryimage\"},\"image\":{\"@id\":\"https:\/\/marinellapizzeria.fi\/from-the-grill\/crispy-basket\/#primaryimage\"},\"thumbnailUrl\":\"https:\/\/marinellapizzeria.fi\/wp-content\/uploads\/2024\/05\/crispy-basket-paneroitukanafile-ranskalaisilla.jpg\",\"datePublished\":\"2024-05-21T11:29:50+00:00\",\"dateModified\":\"2025-10-08T16:16:34+00:00\",\"description\":\"Paneroidut kananfileet ja ranskalaiset - k\u00e4sin naposteltavaksi, rapsakasti grillist\u00e4. T\u00e4ydellinen valinta rennolle lounaalle tai herkutteluhetkeen.\",\"breadcrumb\":{\"@id\":\"https:\/\/marinellapizzeria.fi\/from-the-grill\/crispy-basket\/#breadcrumb\"},\"inLanguage\":\"en-GB\",\"potentialAction\":[{\"@type\":\"ReadAction\",\"target\":[\"https:\/\/marinellapizzeria.fi\/from-the-grill\/crispy-basket\/\"]}]},{\"@type\":\"ImageObject\",\"inLanguage\":\"en-GB\",\"@id\":\"https:\/\/marinellapizzeria.fi\/from-the-grill\/crispy-basket\/#primaryimage\",\"url\":\"https:\/\/marinellapizzeria.fi\/wp-content\/uploads\/2024\/05\/crispy-basket-paneroitukanafile-ranskalaisilla.jpg\",\"contentUrl\":\"https:\/\/marinellapizzeria.fi\/wp-content\/uploads\/2024\/05\/crispy-basket-paneroitukanafile-ranskalaisilla.jpg\",\"width\":1400,\"height\":1000},{\"@type\":\"BreadcrumbList\",\"@id\":\"https:\/\/marinellapizzeria.fi\/from-the-grill\/crispy-basket\/#breadcrumb\",\"itemListElement\":[{\"@type\":\"ListItem\",\"position\":1,\"name\":\"Etusivu\",\"item\":\"https:\/\/marinellapizzeria.fi\/\"},{\"@type\":\"ListItem\",\"position\":2,\"name\":\"Kauppa\",\"item\":\"https:\/\/marinellapizzeria.fi\/kauppa\/\"},{\"@type\":\"ListItem\",\"position\":3,\"name\":\"Crispy basket\"}]},{\"@type\":\"WebSite\",\"@id\":\"https:\/\/marinellapizzeria.fi\/#website\",\"url\":\"https:\/\/marinellapizzeria.fi\/\",\"name\":\"Marinella - Pizzeria\",\"description\":\"Dine in or take away\",\"publisher\":{\"@id\":\"https:\/\/marinellapizzeria.fi\/#organization\"},\"potentialAction\":[{\"@type\":\"SearchAction\",\"target\":{\"@type\":\"EntryPoint\",\"urlTemplate\":\"https:\/\/marinellapizzeria.fi\/?s={search_term_string}\"},\"query-input\":{\"@type\":\"PropertyValueSpecification\",\"valueRequired\":true,\"valueName\":\"search_term_string\"}}],\"inLanguage\":\"en-GB\"},{\"@type\":\"Organization\",\"@id\":\"https:\/\/marinellapizzeria.fi\/#organization\",\"name\":\"Marinella - Pizzeria\",\"url\":\"https:\/\/marinellapizzeria.fi\/\",\"logo\":{\"@type\":\"ImageObject\",\"inLanguage\":\"en-GB\",\"@id\":\"https:\/\/marinellapizzeria.fi\/#\/schema\/logo\/image\/\",\"url\":\"https:\/\/marinellapizzeria.fi\/wp-content\/uploads\/2022\/12\/hero-logo.svg\",\"contentUrl\":\"https:\/\/marinellapizzeria.fi\/wp-content\/uploads\/2022\/12\/hero-logo.svg\",\"width\":1,\"height\":1,\"caption\":\"Marinella - Pizzeria\"},\"image\":{\"@id\":\"https:\/\/marinellapizzeria.fi\/#\/schema\/logo\/image\/\"},\"sameAs\":[\"https:\/\/www.facebook.com\/marinellapizzeriamuurame\/\",\"https:\/\/www.instagram.com\/marinellapizzeria\/\"]}]}<\/script>\n<!-- \/ Yoast SEO plugin. -->","yoast_head_json":{"title":"Crispy basket | From the grill","description":"Breaded chicken fillets and chips - hand-snacked, crispy from the grill. The perfect choice for a relaxed lunch or a gourmet meal.","robots":{"index":"index","follow":"follow","max-snippet":"max-snippet:-1","max-image-preview":"max-image-preview:large","max-video-preview":"max-video-preview:-1"},"canonical":"https:\/\/marinellapizzeria.fi\/en\/from-the-grill\/crispy-basket\/","og_locale":"en_GB","og_type":"article","og_title":"Crispy basket | From the grill","og_description":"Paneroidut kananfileet ja ranskalaiset - k\u00e4sin naposteltavaksi, rapsakasti grillist\u00e4. T\u00e4ydellinen valinta rennolle lounaalle tai herkutteluhetkeen.","og_url":"https:\/\/marinellapizzeria.fi\/en\/from-the-grill\/crispy-basket\/","og_site_name":"Marinella - Pizzeria","article_publisher":"https:\/\/www.facebook.com\/marinellapizzeriamuurame\/","article_modified_time":"2025-10-08T16:16:34+00:00","og_image":[{"width":1400,"height":1000,"url":"https:\/\/marinellapizzeria.fi\/wp-content\/uploads\/2024\/05\/crispy-basket-paneroitukanafile-ranskalaisilla.jpg","type":"image\/jpeg"}],"twitter_card":"summary_large_image","twitter_misc":{"Estimated reading time":"1 minute"},"schema":{"@context":"https:\/\/schema.org","@graph":[{"@type":"WebPage","@id":"https:\/\/marinellapizzeria.fi\/from-the-grill\/crispy-basket\/","url":"https:\/\/marinellapizzeria.fi\/from-the-grill\/crispy-basket\/","name":"Crispy basket | From the grill","isPartOf":{"@id":"https:\/\/marinellapizzeria.fi\/#website"},"primaryImageOfPage":{"@id":"https:\/\/marinellapizzeria.fi\/from-the-grill\/crispy-basket\/#primaryimage"},"image":{"@id":"https:\/\/marinellapizzeria.fi\/from-the-grill\/crispy-basket\/#primaryimage"},"thumbnailUrl":"https:\/\/marinellapizzeria.fi\/wp-content\/uploads\/2024\/05\/crispy-basket-paneroitukanafile-ranskalaisilla.jpg","datePublished":"2024-05-21T11:29:50+00:00","dateModified":"2025-10-08T16:16:34+00:00","description":"Breaded chicken fillets and chips - hand-snacked, crispy from the grill. The perfect choice for a relaxed lunch or a gourmet meal.","breadcrumb":{"@id":"https:\/\/marinellapizzeria.fi\/from-the-grill\/crispy-basket\/#breadcrumb"},"inLanguage":"en-GB","potentialAction":[{"@type":"ReadAction","target":["https:\/\/marinellapizzeria.fi\/from-the-grill\/crispy-basket\/"]}]},{"@type":"ImageObject","inLanguage":"en-GB","@id":"https:\/\/marinellapizzeria.fi\/from-the-grill\/crispy-basket\/#primaryimage","url":"https:\/\/marinellapizzeria.fi\/wp-content\/uploads\/2024\/05\/crispy-basket-paneroitukanafile-ranskalaisilla.jpg","contentUrl":"https:\/\/marinellapizzeria.fi\/wp-content\/uploads\/2024\/05\/crispy-basket-paneroitukanafile-ranskalaisilla.jpg","width":1400,"height":1000},{"@type":"BreadcrumbList","@id":"https:\/\/marinellapizzeria.fi\/from-the-grill\/crispy-basket\/#breadcrumb","itemListElement":[{"@type":"ListItem","position":1,"name":"Etusivu","item":"https:\/\/marinellapizzeria.fi\/"},{"@type":"ListItem","position":2,"name":"Kauppa","item":"https:\/\/marinellapizzeria.fi\/kauppa\/"},{"@type":"ListItem","position":3,"name":"Crispy basket"}]},{"@type":"WebSite","@id":"https:\/\/marinellapizzeria.fi\/#website","url":"https:\/\/marinellapizzeria.fi\/","name":"Marinella - Pizzeria","description":"Dine in or take away","publisher":{"@id":"https:\/\/marinellapizzeria.fi\/#organization"},"potentialAction":[{"@type":"SearchAction","target":{"@type":"EntryPoint","urlTemplate":"https:\/\/marinellapizzeria.fi\/?s={search_term_string}"},"query-input":{"@type":"PropertyValueSpecification","valueRequired":true,"valueName":"search_term_string"}}],"inLanguage":"en-GB"},{"@type":"Organization","@id":"https:\/\/marinellapizzeria.fi\/#organization","name":"Marinella - Pizzeria","url":"https:\/\/marinellapizzeria.fi\/","logo":{"@type":"ImageObject","inLanguage":"en-GB","@id":"https:\/\/marinellapizzeria.fi\/#\/schema\/logo\/image\/","url":"https:\/\/marinellapizzeria.fi\/wp-content\/uploads\/2022\/12\/hero-logo.svg","contentUrl":"https:\/\/marinellapizzeria.fi\/wp-content\/uploads\/2022\/12\/hero-logo.svg","width":1,"height":1,"caption":"Marinella - Pizzeria"},"image":{"@id":"https:\/\/marinellapizzeria.fi\/#\/schema\/logo\/image\/"},"sameAs":["https:\/\/www.facebook.com\/marinellapizzeriamuurame\/","https:\/\/www.instagram.com\/marinellapizzeria\/"]}]}},"_links":{"self":[{"href":"https:\/\/marinellapizzeria.fi\/en\/wp-json\/wp\/v2\/product\/1456","targetHints":{"allow":["GET"]}}],"collection":[{"href":"https:\/\/marinellapizzeria.fi\/en\/wp-json\/wp\/v2\/product"}],"about":[{"href":"https:\/\/marinellapizzeria.fi\/en\/wp-json\/wp\/v2\/types\/product"}],"wp:featuredmedia":[{"embeddable":true,"href":"https:\/\/marinellapizzeria.fi\/en\/wp-json\/wp\/v2\/media\/2901"}],"wp:attachment":[{"href":"https:\/\/marinellapizzeria.fi\/en\/wp-json\/wp\/v2\/media?parent=1456"}],"wp:term":[{"taxonomy":"product_brand","embeddable":true,"href":"https:\/\/marinellapizzeria.fi\/en\/wp-json\/wp\/v2\/product_brand?post=1456"},{"taxonomy":"product_cat","embeddable":true,"href":"https:\/\/marinellapizzeria.fi\/en\/wp-json\/wp\/v2\/product_cat?post=1456"},{"taxonomy":"product_tag","embeddable":true,"href":"https:\/\/marinellapizzeria.fi\/en\/wp-json\/wp\/v2\/product_tag?post=1456"}],"curies":[{"name":"wp","href":"https:\/\/api.w.org\/{rel}","templated":true}]}}