{"id":728,"date":"2024-04-23T22:27:53","date_gmt":"2024-04-23T20:27:53","guid":{"rendered":"https:\/\/marinellapizzeria.fi\/?post_type=product&#038;p=728"},"modified":"2025-07-23T16:45:46","modified_gmt":"2025-07-23T13:45:46","slug":"hot-kebab","status":"publish","type":"product","link":"https:\/\/marinellapizzeria.fi\/en\/special-pizza\/hot-kebab\/","title":{"rendered":"Hot kebab"},"content":{"rendered":"","protected":false},"excerpt":{"rendered":"<p>Kebab, minced meat, Aura cheese, jalapeno, salsa sauce, taco mayonnaise<\/p>","protected":false},"featured_media":2816,"template":"","meta":{"inline_featured_image":false},"product_brand":[],"product_cat":[20],"product_tag":[161,163,160,164,158,159,89,162],"class_list":{"0":"post-728","1":"product","2":"type-product","3":"status-publish","4":"has-post-thumbnail","6":"product_cat-special-pizza","7":"product_tag-hot-kebab","8":"product_tag-hyva-pizza","9":"product_tag-kebabpizza","10":"product_tag-muuramen-pizza","11":"product_tag-pizza-kotiin","12":"product_tag-pizza-mukaan","13":"product_tag-special-pizza","14":"product_tag-tulinen-pizza","16":"first","17":"instock","18":"taxable","19":"shipping-taxable","20":"purchasable","21":"product-type-variable","22":"has-default-attributes"},"yoast_head":"<!-- This site is optimized with the Yoast SEO plugin v26.9 - https:\/\/yoast.com\/product\/yoast-seo-wordpress\/ -->\n<title>Hot Kebab | Special pizza<\/title>\n<meta name=\"description\" content=\"Hot Kebab pizza on reilun lihaisa ja sopivasti tulinen. talon kebabia ja t\u00e4ytett\u00e4 jokaiselle suupalalle - valinta, joka maistuu ja t\u00e4ytt\u00e4\u00e4.\" \/>\n<meta name=\"robots\" content=\"index, follow, max-snippet:-1, max-image-preview:large, max-video-preview:-1\" \/>\n<link rel=\"canonical\" href=\"https:\/\/marinellapizzeria.fi\/en\/special-pizza\/hot-kebab\/\" \/>\n<meta property=\"og:locale\" content=\"en_GB\" \/>\n<meta property=\"og:type\" content=\"article\" \/>\n<meta property=\"og:title\" content=\"Hot Kebab | Special pizza\" \/>\n<meta property=\"og:description\" content=\"Hot Kebab pizza on reilun lihaisa ja sopivasti tulinen. talon kebabia ja t\u00e4ytett\u00e4 jokaiselle suupalalle - valinta, joka maistuu ja t\u00e4ytt\u00e4\u00e4.\" \/>\n<meta property=\"og:url\" content=\"https:\/\/marinellapizzeria.fi\/en\/special-pizza\/hot-kebab\/\" \/>\n<meta property=\"og:site_name\" content=\"Marinella - Pizzeria\" \/>\n<meta property=\"article:publisher\" content=\"https:\/\/www.facebook.com\/marinellapizzeriamuurame\/\" \/>\n<meta property=\"article:modified_time\" content=\"2025-07-23T13:45:46+00:00\" \/>\n<meta property=\"og:image\" content=\"https:\/\/marinellapizzeria.fi\/wp-content\/uploads\/2024\/04\/hot-kebab-pizza-special.jpg\" \/>\n\t<meta property=\"og:image:width\" content=\"1400\" \/>\n\t<meta property=\"og:image:height\" content=\"1000\" \/>\n\t<meta property=\"og:image:type\" content=\"image\/jpeg\" \/>\n<meta name=\"twitter:card\" content=\"summary_large_image\" \/>\n<meta name=\"twitter:label1\" content=\"Estimated reading time\" \/>\n\t<meta name=\"twitter:data1\" content=\"1 minute\" \/>\n<script type=\"application\/ld+json\" class=\"yoast-schema-graph\">{\"@context\":\"https:\/\/schema.org\",\"@graph\":[{\"@type\":\"WebPage\",\"@id\":\"https:\/\/marinellapizzeria.fi\/special-pizza\/hot-kebab\/\",\"url\":\"https:\/\/marinellapizzeria.fi\/special-pizza\/hot-kebab\/\",\"name\":\"Hot Kebab | Special pizza\",\"isPartOf\":{\"@id\":\"https:\/\/marinellapizzeria.fi\/#website\"},\"primaryImageOfPage\":{\"@id\":\"https:\/\/marinellapizzeria.fi\/special-pizza\/hot-kebab\/#primaryimage\"},\"image\":{\"@id\":\"https:\/\/marinellapizzeria.fi\/special-pizza\/hot-kebab\/#primaryimage\"},\"thumbnailUrl\":\"https:\/\/marinellapizzeria.fi\/wp-content\/uploads\/2024\/04\/hot-kebab-pizza-special.jpg\",\"datePublished\":\"2024-04-23T20:27:53+00:00\",\"dateModified\":\"2025-07-23T13:45:46+00:00\",\"description\":\"Hot Kebab pizza on reilun lihaisa ja sopivasti tulinen. talon kebabia ja t\u00e4ytett\u00e4 jokaiselle suupalalle - valinta, joka maistuu ja t\u00e4ytt\u00e4\u00e4.\",\"breadcrumb\":{\"@id\":\"https:\/\/marinellapizzeria.fi\/special-pizza\/hot-kebab\/#breadcrumb\"},\"inLanguage\":\"en-GB\",\"potentialAction\":[{\"@type\":\"ReadAction\",\"target\":[\"https:\/\/marinellapizzeria.fi\/special-pizza\/hot-kebab\/\"]}]},{\"@type\":\"ImageObject\",\"inLanguage\":\"en-GB\",\"@id\":\"https:\/\/marinellapizzeria.fi\/special-pizza\/hot-kebab\/#primaryimage\",\"url\":\"https:\/\/marinellapizzeria.fi\/wp-content\/uploads\/2024\/04\/hot-kebab-pizza-special.jpg\",\"contentUrl\":\"https:\/\/marinellapizzeria.fi\/wp-content\/uploads\/2024\/04\/hot-kebab-pizza-special.jpg\",\"width\":1400,\"height\":1000},{\"@type\":\"BreadcrumbList\",\"@id\":\"https:\/\/marinellapizzeria.fi\/special-pizza\/hot-kebab\/#breadcrumb\",\"itemListElement\":[{\"@type\":\"ListItem\",\"position\":1,\"name\":\"Etusivu\",\"item\":\"https:\/\/marinellapizzeria.fi\/\"},{\"@type\":\"ListItem\",\"position\":2,\"name\":\"Kauppa\",\"item\":\"https:\/\/marinellapizzeria.fi\/kauppa\/\"},{\"@type\":\"ListItem\",\"position\":3,\"name\":\"Hot Kebab\"}]},{\"@type\":\"WebSite\",\"@id\":\"https:\/\/marinellapizzeria.fi\/#website\",\"url\":\"https:\/\/marinellapizzeria.fi\/\",\"name\":\"Marinella - Pizzeria\",\"description\":\"Dine in or take away\",\"publisher\":{\"@id\":\"https:\/\/marinellapizzeria.fi\/#organization\"},\"potentialAction\":[{\"@type\":\"SearchAction\",\"target\":{\"@type\":\"EntryPoint\",\"urlTemplate\":\"https:\/\/marinellapizzeria.fi\/?s={search_term_string}\"},\"query-input\":{\"@type\":\"PropertyValueSpecification\",\"valueRequired\":true,\"valueName\":\"search_term_string\"}}],\"inLanguage\":\"en-GB\"},{\"@type\":\"Organization\",\"@id\":\"https:\/\/marinellapizzeria.fi\/#organization\",\"name\":\"Marinella - Pizzeria\",\"url\":\"https:\/\/marinellapizzeria.fi\/\",\"logo\":{\"@type\":\"ImageObject\",\"inLanguage\":\"en-GB\",\"@id\":\"https:\/\/marinellapizzeria.fi\/#\/schema\/logo\/image\/\",\"url\":\"https:\/\/marinellapizzeria.fi\/wp-content\/uploads\/2022\/12\/hero-logo.svg\",\"contentUrl\":\"https:\/\/marinellapizzeria.fi\/wp-content\/uploads\/2022\/12\/hero-logo.svg\",\"width\":1,\"height\":1,\"caption\":\"Marinella - Pizzeria\"},\"image\":{\"@id\":\"https:\/\/marinellapizzeria.fi\/#\/schema\/logo\/image\/\"},\"sameAs\":[\"https:\/\/www.facebook.com\/marinellapizzeriamuurame\/\",\"https:\/\/www.instagram.com\/marinellapizzeria\/\"]}]}<\/script>\n<!-- \/ Yoast SEO plugin. -->","yoast_head_json":{"title":"Hot Kebab | Special pizza","description":"Hot Kebab pizza is fair meaty and suitably fiery, with house-made kebabs and toppings for every bite - a choice that tastes and fills.","robots":{"index":"index","follow":"follow","max-snippet":"max-snippet:-1","max-image-preview":"max-image-preview:large","max-video-preview":"max-video-preview:-1"},"canonical":"https:\/\/marinellapizzeria.fi\/en\/special-pizza\/hot-kebab\/","og_locale":"en_GB","og_type":"article","og_title":"Hot Kebab | Special pizza","og_description":"Hot Kebab pizza on reilun lihaisa ja sopivasti tulinen. talon kebabia ja t\u00e4ytett\u00e4 jokaiselle suupalalle - valinta, joka maistuu ja t\u00e4ytt\u00e4\u00e4.","og_url":"https:\/\/marinellapizzeria.fi\/en\/special-pizza\/hot-kebab\/","og_site_name":"Marinella - Pizzeria","article_publisher":"https:\/\/www.facebook.com\/marinellapizzeriamuurame\/","article_modified_time":"2025-07-23T13:45:46+00:00","og_image":[{"width":1400,"height":1000,"url":"https:\/\/marinellapizzeria.fi\/wp-content\/uploads\/2024\/04\/hot-kebab-pizza-special.jpg","type":"image\/jpeg"}],"twitter_card":"summary_large_image","twitter_misc":{"Estimated reading time":"1 minute"},"schema":{"@context":"https:\/\/schema.org","@graph":[{"@type":"WebPage","@id":"https:\/\/marinellapizzeria.fi\/special-pizza\/hot-kebab\/","url":"https:\/\/marinellapizzeria.fi\/special-pizza\/hot-kebab\/","name":"Hot Kebab | Special pizza","isPartOf":{"@id":"https:\/\/marinellapizzeria.fi\/#website"},"primaryImageOfPage":{"@id":"https:\/\/marinellapizzeria.fi\/special-pizza\/hot-kebab\/#primaryimage"},"image":{"@id":"https:\/\/marinellapizzeria.fi\/special-pizza\/hot-kebab\/#primaryimage"},"thumbnailUrl":"https:\/\/marinellapizzeria.fi\/wp-content\/uploads\/2024\/04\/hot-kebab-pizza-special.jpg","datePublished":"2024-04-23T20:27:53+00:00","dateModified":"2025-07-23T13:45:46+00:00","description":"Hot Kebab pizza is fair meaty and suitably fiery, with house-made kebabs and toppings for every bite - a choice that tastes and fills.","breadcrumb":{"@id":"https:\/\/marinellapizzeria.fi\/special-pizza\/hot-kebab\/#breadcrumb"},"inLanguage":"en-GB","potentialAction":[{"@type":"ReadAction","target":["https:\/\/marinellapizzeria.fi\/special-pizza\/hot-kebab\/"]}]},{"@type":"ImageObject","inLanguage":"en-GB","@id":"https:\/\/marinellapizzeria.fi\/special-pizza\/hot-kebab\/#primaryimage","url":"https:\/\/marinellapizzeria.fi\/wp-content\/uploads\/2024\/04\/hot-kebab-pizza-special.jpg","contentUrl":"https:\/\/marinellapizzeria.fi\/wp-content\/uploads\/2024\/04\/hot-kebab-pizza-special.jpg","width":1400,"height":1000},{"@type":"BreadcrumbList","@id":"https:\/\/marinellapizzeria.fi\/special-pizza\/hot-kebab\/#breadcrumb","itemListElement":[{"@type":"ListItem","position":1,"name":"Etusivu","item":"https:\/\/marinellapizzeria.fi\/"},{"@type":"ListItem","position":2,"name":"Kauppa","item":"https:\/\/marinellapizzeria.fi\/kauppa\/"},{"@type":"ListItem","position":3,"name":"Hot Kebab"}]},{"@type":"WebSite","@id":"https:\/\/marinellapizzeria.fi\/#website","url":"https:\/\/marinellapizzeria.fi\/","name":"Marinella - Pizzeria","description":"Dine in or take away","publisher":{"@id":"https:\/\/marinellapizzeria.fi\/#organization"},"potentialAction":[{"@type":"SearchAction","target":{"@type":"EntryPoint","urlTemplate":"https:\/\/marinellapizzeria.fi\/?s={search_term_string}"},"query-input":{"@type":"PropertyValueSpecification","valueRequired":true,"valueName":"search_term_string"}}],"inLanguage":"en-GB"},{"@type":"Organization","@id":"https:\/\/marinellapizzeria.fi\/#organization","name":"Marinella - Pizzeria","url":"https:\/\/marinellapizzeria.fi\/","logo":{"@type":"ImageObject","inLanguage":"en-GB","@id":"https:\/\/marinellapizzeria.fi\/#\/schema\/logo\/image\/","url":"https:\/\/marinellapizzeria.fi\/wp-content\/uploads\/2022\/12\/hero-logo.svg","contentUrl":"https:\/\/marinellapizzeria.fi\/wp-content\/uploads\/2022\/12\/hero-logo.svg","width":1,"height":1,"caption":"Marinella - Pizzeria"},"image":{"@id":"https:\/\/marinellapizzeria.fi\/#\/schema\/logo\/image\/"},"sameAs":["https:\/\/www.facebook.com\/marinellapizzeriamuurame\/","https:\/\/www.instagram.com\/marinellapizzeria\/"]}]}},"_links":{"self":[{"href":"https:\/\/marinellapizzeria.fi\/en\/wp-json\/wp\/v2\/product\/728","targetHints":{"allow":["GET"]}}],"collection":[{"href":"https:\/\/marinellapizzeria.fi\/en\/wp-json\/wp\/v2\/product"}],"about":[{"href":"https:\/\/marinellapizzeria.fi\/en\/wp-json\/wp\/v2\/types\/product"}],"wp:featuredmedia":[{"embeddable":true,"href":"https:\/\/marinellapizzeria.fi\/en\/wp-json\/wp\/v2\/media\/2816"}],"wp:attachment":[{"href":"https:\/\/marinellapizzeria.fi\/en\/wp-json\/wp\/v2\/media?parent=728"}],"wp:term":[{"taxonomy":"product_brand","embeddable":true,"href":"https:\/\/marinellapizzeria.fi\/en\/wp-json\/wp\/v2\/product_brand?post=728"},{"taxonomy":"product_cat","embeddable":true,"href":"https:\/\/marinellapizzeria.fi\/en\/wp-json\/wp\/v2\/product_cat?post=728"},{"taxonomy":"product_tag","embeddable":true,"href":"https:\/\/marinellapizzeria.fi\/en\/wp-json\/wp\/v2\/product_tag?post=728"}],"curies":[{"name":"wp","href":"https:\/\/api.w.org\/{rel}","templated":true}]}}